{"id":3868,"date":"2024-03-05T13:21:30","date_gmt":"2024-03-05T12:21:30","guid":{"rendered":"https:\/\/circular-identity.com\/politica-de-confidencialidad\/"},"modified":"2024-04-17T01:55:18","modified_gmt":"2024-04-16T23:55:18","slug":"politica-de-confidencialidad","status":"publish","type":"page","link":"https:\/\/circular-identity.com\/es\/politica-de-confidencialidad\/","title":{"rendered":"Pol\u00edtica de confidencialidad"},"content":{"rendered":"\t\t<div data-elementor-type=\"wp-page\" data-elementor-id=\"3868\" class=\"elementor elementor-3868 elementor-115\" data-elementor-post-type=\"page\">\n\t\t\t\t<div class=\"elementor-element elementor-element-3217dc1 e-flex e-con-boxed e-con e-parent\" data-id=\"3217dc1\" data-element_type=\"container\" data-settings=\"{&quot;background_background&quot;:&quot;classic&quot;}\">\n\t\t\t\t\t<div class=\"e-con-inner\">\n\t\t<div class=\"elementor-element elementor-element-6c2dba41 e-con-full e-flex e-con e-child\" data-id=\"6c2dba41\" data-element_type=\"container\" data-settings=\"{&quot;background_background&quot;:&quot;classic&quot;}\">\n\t\t\t\t<div class=\"elementor-element elementor-element-27a835a elementor-widget__width-initial elementor-widget elementor-widget-theme-site-logo elementor-widget-image\" data-id=\"27a835a\" data-element_type=\"widget\" data-widget_type=\"theme-site-logo.default\">\n\t\t\t\t<div class=\"elementor-widget-container\">\n\t\t\t\t\t\t\t\t\t\t\t<a href=\"https:\/\/circular-identity.com\/es\/\">\n\t\t\t<img fetchpriority=\"high\" decoding=\"async\" width=\"2363\" height=\"355\" src=\"https:\/\/circular-identity.com\/wp-content\/uploads\/2024\/03\/Circular-identity_FROM-MATTER-TO-VALUE_NERO.png\" class=\"attachment-full size-full wp-image-4445\" alt=\"\" srcset=\"https:\/\/circular-identity.com\/wp-content\/uploads\/2024\/03\/Circular-identity_FROM-MATTER-TO-VALUE_NERO.png 2363w, https:\/\/circular-identity.com\/wp-content\/uploads\/2024\/03\/Circular-identity_FROM-MATTER-TO-VALUE_NERO-300x45.png 300w, https:\/\/circular-identity.com\/wp-content\/uploads\/2024\/03\/Circular-identity_FROM-MATTER-TO-VALUE_NERO-1024x154.png 1024w, https:\/\/circular-identity.com\/wp-content\/uploads\/2024\/03\/Circular-identity_FROM-MATTER-TO-VALUE_NERO-768x115.png 768w, https:\/\/circular-identity.com\/wp-content\/uploads\/2024\/03\/Circular-identity_FROM-MATTER-TO-VALUE_NERO-1536x231.png 1536w, https:\/\/circular-identity.com\/wp-content\/uploads\/2024\/03\/Circular-identity_FROM-MATTER-TO-VALUE_NERO-2048x308.png 2048w\" sizes=\"(max-width: 2363px) 100vw, 2363px\" \/>\t\t\t\t<\/a>\n\t\t\t\t\t\t\t\t\t\t\t<\/div>\n\t\t\t\t<\/div>\n\t\t\t\t<div class=\"elementor-element elementor-element-126176b4 elementor-widget elementor-widget-heading\" data-id=\"126176b4\" data-element_type=\"widget\" data-widget_type=\"heading.default\">\n\t\t\t\t<div class=\"elementor-widget-container\">\n\t\t\t\t\t<h2 class=\"elementor-heading-title elementor-size-default\">Pol\u00edtica de confidencialidad<\/h2>\t\t\t\t<\/div>\n\t\t\t\t<\/div>\n\t\t\t\t<div class=\"elementor-element elementor-element-2702730d elementor-widget elementor-widget-heading\" data-id=\"2702730d\" data-element_type=\"widget\" data-widget_type=\"heading.default\">\n\t\t\t\t<div class=\"elementor-widget-container\">\n\t\t\t\t\t<p class=\"elementor-heading-title elementor-size-default\">\u00daltima actualizaci\u00f3n: 27\/11\/2023\n\n<\/p>\t\t\t\t<\/div>\n\t\t\t\t<\/div>\n\t\t\t\t<div class=\"elementor-element elementor-element-3cb16bfd elementor-widget elementor-widget-text-editor\" data-id=\"3cb16bfd\" data-element_type=\"widget\" data-widget_type=\"text-editor.default\">\n\t\t\t\t<div class=\"elementor-widget-container\">\n\t\t\t\t\t\t\t\t\t<p>En Circular Identity respetamos tu privacidad y nos comprometemos a protegerla. Esta Pol\u00edtica de Confidencialidad describe c\u00f3mo recogemos, utilizamos y protegemos tu informaci\u00f3n personal cuando interact\u00faas con nosotros o utilizas nuestros servicios, incluso cuando visitas nuestro sitio web.<\/p>\n<p><strong>Recogida de datos<\/strong><\/p>\n<p>Recogemos datos tuyos de varias formas:<\/p>\n<ul>\n<li><strong>Informaci\u00f3n que facilitas<\/strong>: Esto incluye cualquier informaci\u00f3n que compartas con nosotros intencionadamente, como a trav\u00e9s de formularios, correos electr\u00f3nicos y otros tipos de comunicaci\u00f3n.<\/li>\n<li><strong>Informaci\u00f3n<\/strong> automatizada: Cuando visitas nuestro sitio web, recopilamos autom\u00e1ticamente ciertos datos a trav\u00e9s de Google Analytics, como tu direcci\u00f3n IP, historial de navegaci\u00f3n y comportamiento de usuario.<\/li>\n<li><strong>Google Analytics: <\/strong>Utilizamos Google Analytics para rastrear y analizar el rendimiento de nuestro sitio web y la interacci\u00f3n de los usuarios. Google Analytics utiliza cookies para recopilar estos datos. Estos datos se anonimizan y se agregan para ayudarnos a mejorar la experiencia del usuario y ofrecer contenidos m\u00e1s relevantes.<\/li>\n<li>Para m\u00e1s informaci\u00f3n sobre Google Analytics y c\u00f3mo recopila y procesa los datos, puedes leer la Pol\u00edtica de privacidad de Google <a href=\"https:\/\/policies.google.com\/privacy\" target=\"_blank\" rel=\"noopener\"><br \/>\n  <u>aqu\u00ed<\/u><br \/>\n<\/a>.<\/li>\n<\/ul>\n<p>Exclusi\u00f3n voluntaria<\/p>\n<p>Si deseas excluirte de Google Analytics, puedes descargar e instalar el complemento de inhabilitaci\u00f3n para navegadores de Google Analytics disponible <a href=\"https:\/\/tools.google.com\/dlpage\/gaoptout\" target=\"_blank\" rel=\"noopener\"><br \/>\n  <u>aqu\u00ed<\/u><br \/>\n<\/a>.<\/p>\n<p><strong>Finalidad de la recogida de datos<\/strong><\/p>\n<p>Recogemos datos para los siguientes fines:<\/p>\n<ol>\n<li>Para mejorar nuestros productos y servicios.<\/li>\n<li>Para personalizar la experiencia del usuario.<\/li>\n<li>Realizar estudios y an\u00e1lisis de mercado.<\/li>\n<li>Para garantizar el cumplimiento de las obligaciones legales.<\/li>\n<\/ol>\n<p><strong>Compartir y almacenar datos<\/strong><\/p>\n<p>No vendemos, comerciamos ni transferimos de ning\u00fan otro modo tu informaci\u00f3n personal identificable a terceros sin tu consentimiento expl\u00edcito, excepto cuando lo exija la ley. Empleamos m\u00e9todos de seguridad razonables y actuales para evitar el acceso no autorizado, mantener la exactitud de los datos y garantizar el uso correcto de la informaci\u00f3n.<\/p>\n<p><strong>Tus derechos<\/strong><\/p>\n<p>Tienes derecho a acceder, rectificar o suprimir tus datos personales, y puedes ejercer estos derechos poni\u00e9ndote en contacto con nosotros en info@circular-identity.com.<\/p>\n<p><strong>Cambios en nuestra pol\u00edtica de confidencialidad<\/strong><\/p>\n<p>Circular Identity se reserva el derecho a modificar esta Pol\u00edtica de Confidencialidad en cualquier momento. Los cambios se publicar\u00e1n en esta p\u00e1gina con la fecha de revisi\u00f3n actualizada. Es tu responsabilidad comprobar regularmente si hay actualizaciones.<\/p>\n<p><strong>Ley aplicable<\/strong><\/p>\n<p>Esta Pol\u00edtica de Confidencialidad se rige por las leyes de Italia, sin tener en cuenta sus principios de conflicto de leyes.<\/p>\n<p><strong>Contacta con nosotros<\/strong><\/p>\n<p>Si tienes preguntas sobre esta Pol\u00edtica de Confidencialidad, ponte en contacto con nosotros en <a href=\"mailto:info@circular-identity.com\">info@circular-identity.com.<\/a><\/p>\n\t\t\t\t\t\t\t\t<\/div>\n\t\t\t\t<\/div>\n\t\t\t\t<\/div>\n\t\t\t\t\t<\/div>\n\t\t\t\t<\/div>\n\t\t\t\t<\/div>\n\t\t","protected":false},"excerpt":{"rendered":"<p>Pol\u00edtica de confidencialidad \u00daltima actualizaci\u00f3n: 27\/11\/2023 En Circular Identity respetamos tu privacidad y nos comprometemos a protegerla. Esta Pol\u00edtica de Confidencialidad describe c\u00f3mo recogemos, utilizamos y protegemos tu informaci\u00f3n personal cuando interact\u00faas con nosotros o utilizas nuestros servicios, incluso cuando visitas nuestro sitio web. Recogida de datos Recogemos datos tuyos de varias formas: Informaci\u00f3n que [&hellip;]<\/p>\n","protected":false},"author":1,"featured_media":0,"parent":0,"menu_order":0,"comment_status":"closed","ping_status":"closed","template":"","meta":{"footnotes":""},"class_list":["post-3868","page","type-page","status-publish","hentry"],"_links":{"self":[{"href":"https:\/\/circular-identity.com\/es\/wp-json\/wp\/v2\/pages\/3868","targetHints":{"allow":["GET"]}}],"collection":[{"href":"https:\/\/circular-identity.com\/es\/wp-json\/wp\/v2\/pages"}],"about":[{"href":"https:\/\/circular-identity.com\/es\/wp-json\/wp\/v2\/types\/page"}],"author":[{"embeddable":true,"href":"https:\/\/circular-identity.com\/es\/wp-json\/wp\/v2\/users\/1"}],"replies":[{"embeddable":true,"href":"https:\/\/circular-identity.com\/es\/wp-json\/wp\/v2\/comments?post=3868"}],"version-history":[{"count":1,"href":"https:\/\/circular-identity.com\/es\/wp-json\/wp\/v2\/pages\/3868\/revisions"}],"predecessor-version":[{"id":3869,"href":"https:\/\/circular-identity.com\/es\/wp-json\/wp\/v2\/pages\/3868\/revisions\/3869"}],"wp:attachment":[{"href":"https:\/\/circular-identity.com\/es\/wp-json\/wp\/v2\/media?parent=3868"}],"curies":[{"name":"wp","href":"https:\/\/api.w.org\/{rel}","templated":true}]}}