{"id":3905,"date":"2024-03-05T13:21:30","date_gmt":"2024-03-05T12:21:30","guid":{"rendered":"https:\/\/circular-identity.com\/vertraulichkeitspolitik\/"},"modified":"2024-04-17T02:06:02","modified_gmt":"2024-04-17T00:06:02","slug":"vertraulichkeitspolitik","status":"publish","type":"page","link":"https:\/\/circular-identity.com\/de\/vertraulichkeitspolitik\/","title":{"rendered":"Vertraulichkeitspolitik"},"content":{"rendered":"\t\t<div data-elementor-type=\"wp-page\" data-elementor-id=\"3905\" class=\"elementor elementor-3905 elementor-115\" data-elementor-post-type=\"page\">\n\t\t\t\t<div class=\"elementor-element elementor-element-3217dc1 e-flex e-con-boxed e-con e-parent\" data-id=\"3217dc1\" data-element_type=\"container\" data-settings=\"{&quot;background_background&quot;:&quot;classic&quot;}\">\n\t\t\t\t\t<div class=\"e-con-inner\">\n\t\t<div class=\"elementor-element elementor-element-6c2dba41 e-con-full e-flex e-con e-child\" data-id=\"6c2dba41\" data-element_type=\"container\" data-settings=\"{&quot;background_background&quot;:&quot;classic&quot;}\">\n\t\t\t\t<div class=\"elementor-element elementor-element-27a835a elementor-widget__width-initial elementor-widget elementor-widget-theme-site-logo elementor-widget-image\" data-id=\"27a835a\" data-element_type=\"widget\" data-widget_type=\"theme-site-logo.default\">\n\t\t\t\t<div class=\"elementor-widget-container\">\n\t\t\t\t\t\t\t\t\t\t\t<a href=\"https:\/\/circular-identity.com\/de\/\">\n\t\t\t<img fetchpriority=\"high\" decoding=\"async\" width=\"2363\" height=\"355\" src=\"https:\/\/circular-identity.com\/wp-content\/uploads\/2024\/03\/Circular-identity_FROM-MATTER-TO-VALUE_NERO.png\" class=\"attachment-full size-full wp-image-4445\" alt=\"\" srcset=\"https:\/\/circular-identity.com\/wp-content\/uploads\/2024\/03\/Circular-identity_FROM-MATTER-TO-VALUE_NERO.png 2363w, https:\/\/circular-identity.com\/wp-content\/uploads\/2024\/03\/Circular-identity_FROM-MATTER-TO-VALUE_NERO-300x45.png 300w, https:\/\/circular-identity.com\/wp-content\/uploads\/2024\/03\/Circular-identity_FROM-MATTER-TO-VALUE_NERO-1024x154.png 1024w, https:\/\/circular-identity.com\/wp-content\/uploads\/2024\/03\/Circular-identity_FROM-MATTER-TO-VALUE_NERO-768x115.png 768w, https:\/\/circular-identity.com\/wp-content\/uploads\/2024\/03\/Circular-identity_FROM-MATTER-TO-VALUE_NERO-1536x231.png 1536w, https:\/\/circular-identity.com\/wp-content\/uploads\/2024\/03\/Circular-identity_FROM-MATTER-TO-VALUE_NERO-2048x308.png 2048w\" sizes=\"(max-width: 2363px) 100vw, 2363px\" \/>\t\t\t\t<\/a>\n\t\t\t\t\t\t\t\t\t\t\t<\/div>\n\t\t\t\t<\/div>\n\t\t\t\t<div class=\"elementor-element elementor-element-126176b4 elementor-widget elementor-widget-heading\" data-id=\"126176b4\" data-element_type=\"widget\" data-widget_type=\"heading.default\">\n\t\t\t\t<div class=\"elementor-widget-container\">\n\t\t\t\t\t<h2 class=\"elementor-heading-title elementor-size-default\">Vertraulichkeitspolitik<\/h2>\t\t\t\t<\/div>\n\t\t\t\t<\/div>\n\t\t\t\t<div class=\"elementor-element elementor-element-2702730d elementor-widget elementor-widget-heading\" data-id=\"2702730d\" data-element_type=\"widget\" data-widget_type=\"heading.default\">\n\t\t\t\t<div class=\"elementor-widget-container\">\n\t\t\t\t\t<p class=\"elementor-heading-title elementor-size-default\">Zuletzt aktualisiert: 27\/11\/2023\n\n<\/p>\t\t\t\t<\/div>\n\t\t\t\t<\/div>\n\t\t\t\t<div class=\"elementor-element elementor-element-3cb16bfd elementor-widget elementor-widget-text-editor\" data-id=\"3cb16bfd\" data-element_type=\"widget\" data-widget_type=\"text-editor.default\">\n\t\t\t\t<div class=\"elementor-widget-container\">\n\t\t\t\t\t\t\t\t\t<p>Wir bei Circular Identity respektieren Ihre Privatsph\u00e4re und verpflichten uns, sie zu sch\u00fctzen. Diese Vertraulichkeitserkl\u00e4rung beschreibt, wie wir Ihre pers\u00f6nlichen Daten erfassen, verwenden und sch\u00fctzen, wenn Sie mit uns interagieren oder unsere Dienste nutzen, einschlie\u00dflich des Besuchs unserer Website.<\/p>\n<p><strong>Datenerfassung<\/strong><\/p>\n<p>Wir sammeln auf verschiedene Weise Daten von Ihnen:<\/p>\n<ul>\n<li><strong>Informationen, die Sie zur Verf\u00fcgung stellen<\/strong>: Dazu geh\u00f6ren alle Informationen, die Sie uns absichtlich mitteilen, z. B. \u00fcber Formulare, E-Mails und andere Arten der Kommunikation.<\/li>\n<li><strong>Automatisierte Informationen<\/strong>: Wenn Sie unsere Website besuchen, sammeln wir automatisch bestimmte Daten \u00fcber Google Analytics, wie z.B. Ihre IP-Adresse, den Browserverlauf und das Nutzerverhalten.<\/li>\n<li><strong>Google Analytics: <\/strong>Wir verwenden Google Analytics, um die Leistung unserer Website und die Benutzerinteraktion zu verfolgen und zu analysieren. Google Analytics verwendet Cookies, um diese Daten zu sammeln. Diese Daten werden anonymisiert und zusammengefasst, damit wir die Benutzererfahrung verbessern und relevantere Inhalte anbieten k\u00f6nnen.<\/li>\n<li>Weitere Informationen zu Google Analytics und zur Erfassung und Verarbeitung von Daten finden Sie in den Datenschutzbestimmungen von Google <a href=\"https:\/\/policies.google.com\/privacy\" target=\"_blank\" rel=\"noopener\"><br \/>\n  <u>hier<\/u><br \/>\n<\/a>.<\/li>\n<\/ul>\n<p>Opt-Out<\/p>\n<p>Wenn Sie Google Analytics deaktivieren m\u00f6chten, k\u00f6nnen Sie das Browser-Add-on zur Deaktivierung von Google Analytics herunterladen und installieren. <a href=\"https:\/\/tools.google.com\/dlpage\/gaoptout\" target=\"_blank\" rel=\"noopener\"><br \/>\n  <u>hier<\/u><br \/>\n<\/a>.<\/p>\n<p><strong>Zweck der Datenerhebung<\/strong><\/p>\n<p>Wir sammeln Daten f\u00fcr die folgenden Zwecke:<\/p>\n<ol>\n<li>Um unsere Produkte und Dienstleistungen zu verbessern.<\/li>\n<li>Um das Benutzererlebnis zu personalisieren.<\/li>\n<li>Durchf\u00fchrung von Marktforschung und -analyse.<\/li>\n<li>Um die Einhaltung gesetzlicher Verpflichtungen zu gew\u00e4hrleisten.<\/li>\n<\/ol>\n<p><strong>Gemeinsame Nutzung und Speicherung von Daten<\/strong><\/p>\n<p>Wir verkaufen, handeln oder \u00fcbertragen Ihre personenbezogenen Daten nicht an Dritte ohne Ihre ausdr\u00fcckliche Zustimmung, es sei denn, dies ist gesetzlich vorgeschrieben. Wir setzen angemessene und aktuelle Sicherheitsmethoden ein, um unbefugten Zugriff zu verhindern, die Richtigkeit der Daten zu gew\u00e4hrleisten und die korrekte Verwendung der Informationen sicherzustellen.<\/p>\n<p><strong>Ihre Rechte<\/strong><\/p>\n<p>Sie haben das Recht, auf Ihre personenbezogenen Daten zuzugreifen, sie zu berichtigen oder zu l\u00f6schen. Sie k\u00f6nnen diese Rechte aus\u00fcben, indem Sie uns unter info@circular-identity.com kontaktieren.<\/p>\n<p><strong>\u00c4nderungen an unserer Vertraulichkeitsrichtlinie<\/strong><\/p>\n<p>Circular Identity beh\u00e4lt sich das Recht vor, diese Vertraulichkeitserkl\u00e4rung jederzeit zu \u00e4ndern. \u00c4nderungen werden auf dieser Seite mit dem aktualisierten \u00c4nderungsdatum ver\u00f6ffentlicht. Es liegt in Ihrer Verantwortung, regelm\u00e4\u00dfig nach Updates zu suchen.<\/p>\n<p><strong>Geltendes Recht<\/strong><\/p>\n<p>Diese Vertraulichkeitserkl\u00e4rung unterliegt den Gesetzen Italiens, ohne Ber\u00fccksichtigung der Grunds\u00e4tze des Kollisionsrechts.<\/p>\n<p><strong>Kontaktieren Sie uns<\/strong><\/p>\n<p>Wenn Sie Fragen zu dieser Vertraulichkeitserkl\u00e4rung haben, kontaktieren Sie uns bitte unter <a href=\"mailto:info@circular-identity.com\">info@circular-identity.com.<\/a><\/p>\n\t\t\t\t\t\t\t\t<\/div>\n\t\t\t\t<\/div>\n\t\t\t\t<\/div>\n\t\t\t\t\t<\/div>\n\t\t\t\t<\/div>\n\t\t\t\t<\/div>\n\t\t","protected":false},"excerpt":{"rendered":"<p>Vertraulichkeitspolitik Zuletzt aktualisiert: 27\/11\/2023 Wir bei Circular Identity respektieren Ihre Privatsph\u00e4re und verpflichten uns, sie zu sch\u00fctzen. Diese Vertraulichkeitserkl\u00e4rung beschreibt, wie wir Ihre pers\u00f6nlichen Daten erfassen, verwenden und sch\u00fctzen, wenn Sie mit uns interagieren oder unsere Dienste nutzen, einschlie\u00dflich des Besuchs unserer Website. Datenerfassung Wir sammeln auf verschiedene Weise Daten von Ihnen: Informationen, die Sie [&hellip;]<\/p>\n","protected":false},"author":1,"featured_media":0,"parent":0,"menu_order":0,"comment_status":"closed","ping_status":"closed","template":"","meta":{"footnotes":""},"class_list":["post-3905","page","type-page","status-publish","hentry"],"_links":{"self":[{"href":"https:\/\/circular-identity.com\/de\/wp-json\/wp\/v2\/pages\/3905","targetHints":{"allow":["GET"]}}],"collection":[{"href":"https:\/\/circular-identity.com\/de\/wp-json\/wp\/v2\/pages"}],"about":[{"href":"https:\/\/circular-identity.com\/de\/wp-json\/wp\/v2\/types\/page"}],"author":[{"embeddable":true,"href":"https:\/\/circular-identity.com\/de\/wp-json\/wp\/v2\/users\/1"}],"replies":[{"embeddable":true,"href":"https:\/\/circular-identity.com\/de\/wp-json\/wp\/v2\/comments?post=3905"}],"version-history":[{"count":3,"href":"https:\/\/circular-identity.com\/de\/wp-json\/wp\/v2\/pages\/3905\/revisions"}],"predecessor-version":[{"id":3908,"href":"https:\/\/circular-identity.com\/de\/wp-json\/wp\/v2\/pages\/3905\/revisions\/3908"}],"wp:attachment":[{"href":"https:\/\/circular-identity.com\/de\/wp-json\/wp\/v2\/media?parent=3905"}],"curies":[{"name":"wp","href":"https:\/\/api.w.org\/{rel}","templated":true}]}}